{"id":95,"date":"2020-06-07T20:36:00","date_gmt":"2020-06-07T20:36:00","guid":{"rendered":"https:\/\/chodov.casd.cz\/?page_id=95"},"modified":"2025-09-25T20:36:54","modified_gmt":"2025-09-25T20:36:54","slug":"kontaktni-informace","status":"publish","type":"page","link":"https:\/\/chodov.casd.cz\/?page_id=95","title":{"rendered":"KONTAKTN\u00cd INFORMACE"},"content":{"rendered":"\n<figure class=\"wp-block-image is-resized\"><img loading=\"lazy\" decoding=\"async\" width=\"110\" height=\"110\" src=\"https:\/\/chodov.casd.cz\/wp-content\/uploads\/2020\/06\/post_black.jpg\" alt=\"\" class=\"wp-image-102\" style=\"width:75px;height:75px\" title=\"\"\/><\/figure>\n\n\n\n<ul class=\"wp-block-list\">\n<li><strong><strong>Kostel Mil\u00ed\u010de z Krom\u011b\u0159\u00ed\u017ee Praha &#8211; Chodov<\/strong><\/strong><\/li>\n\n\n\n<li><strong><strong>Sborov\u00e1 adresa:<\/strong> <\/strong>Donovalsk\u00e1 2331\/53, 149&nbsp;00&nbsp;Praha&nbsp;11<\/li>\n\n\n\n<li><strong>Po\u0161tovn\u00ed adresa:<\/strong>&nbsp;Lond\u00fdnsk\u00e1 30, 120&nbsp;00&nbsp;Praha&nbsp;2&nbsp;&#8211;&nbsp;Vinohrady<\/li>\n<\/ul>\n\n\n\n<div class=\"wp-block-group\"><div class=\"wp-block-group__inner-container is-layout-flow wp-block-group-is-layout-flow\">\n<p><\/p>\n\n\n\n<figure class=\"wp-block-image is-resized\"><img loading=\"lazy\" decoding=\"async\" width=\"110\" height=\"117\" src=\"https:\/\/chodov.casd.cz\/wp-content\/uploads\/2020\/06\/email_black.jpg\" alt=\"\" class=\"wp-image-103\" style=\"width:69px;height:73px\"\/><\/figure>\n\n\n\n<ul class=\"wp-block-list\">\n<li><strong>sborov\u00fd email: <\/strong><em>chodov@casd.cz<\/em><\/li>\n\n\n\n<li><strong>email na kazatele: <\/strong>Josef Hrdinka :\u00a0<a href=\"mailto:josefhrdinka@volny.cz\">josefhrdinka@volny.cz<\/a><\/li>\n<\/ul>\n<\/div><\/div>\n\n\n\n<p><\/p>\n\n\n\n<p><img loading=\"lazy\" decoding=\"async\" width=\"71\" height=\"74\" class=\"wp-image-104\" style=\"width: 71px;\" src=\"https:\/\/chodov.casd.cz\/wp-content\/uploads\/2020\/06\/location_black.jpg\" alt=\"\">   <\/p>\n\n\n\n<div class=\"wp-block-group\"><div class=\"wp-block-group__inner-container is-layout-flow wp-block-group-is-layout-flow\">\n<p><strong>Jak se k n\u00e1m dostanete:<\/strong><br><br><\/p>\n\n\n\n<p>Na\u0161e bohoslu\u017eby m\u016f\u017eete nav\u0161t\u00edvit&nbsp;v kostele&nbsp;<a target=\"_blank\" href=\"http:\/\/sporilov.evangnet.cz\/\" rel=\"noreferrer noopener\">\u010ceskobratrsk\u00e9 c\u00edrkve evangelick\u00e9<\/a>&nbsp;na Ji\u017en\u00edm m\u011bst\u011b v ulici Donovalsk\u00e1 53. Kostel se nach\u00e1z\u00ed p\u0159\u00edmo vedle Chodovsk\u00e9 vodn\u00ed tvrze.<\/p>\n\n\n\n<p>Ze stanice metra C Opatov autobusem linky 136 nebo 213 sm\u011brem do Vr\u0161ovic vystupte druhou zast\u00e1vku Chodovsk\u00e1 tvrz a po vystoupen\u00ed popojd\u011bte vpravo na konec podchodu a n\u00e1sledn\u011b vlevo po 200 metrech ji\u017e vid\u00edte kostel.<br>M\u016f\u017eete tak\u00e9 vyu\u017e\u00edt autobusy linek 125, 136, 213 od Spo\u0159ilova \u010di Vr\u0161ovic do zast\u00e1vky Chodovsk\u00e1 tvrz a podejit\u00edm podchodu na druhou stranu vozovky se dejte na konci podchodu vlevo a po 200 metrech ji\u017e vid\u00edte kostel.<br>Tak\u00e9 se d\u00e1 vyu\u017e\u00edt ze stanice metra C Chodov autobus linky 126 do zast\u00e1vky Benkova a na prav\u00e9 stran\u011b od zast\u00e1vky pokra\u010dujte p\u0159\u00edmo \u00fazkou ulic\u00ed mezi dv\u011bma panelov\u00fdmi domy na jej\u00edm\u017e konci vid\u00edte vpravo ji\u017e v\u011b\u017e kostela<br>Je mo\u017eno se vydat i p\u011b\u0161ky proch\u00e1zkou od metra Chodov. Po vystoupen\u00ed z metra na lev\u00e9 stran\u011b se vydejte sm\u011brem k&nbsp;p\u011b\u0161\u00ed l\u00e1vce p\u0159es d\u00e1lnici a&nbsp; pot\u00e9 mezi rodinn\u00fdmi domky stal\u00e9 p\u0159\u00edmo k podchodu u zast\u00e1vky autobusu Chodovsk\u00e1 tvrz a za podchodem vlevo.<br>Automobilem se dosta\u0148te do ulice Donovalsk\u00e1 a je\u010fte a\u017e na jej\u00ed konec, kde ulice m\u011bn\u00ed n\u00e1zev zat\u00e1\u010dkou vlevo na Ledvinovou a zde se nach\u00e1z\u00ed kostel. V t\u011bchto m\u00edstech m\u016f\u017eete bez probl\u00e9mu zaparkovat.<\/p>\n\n\n\n<p><strong>Mapa<\/strong><\/p>\n<\/div><\/div>\n\n\n\n<iframe loading=\"lazy\" style=\"border:none\" src=\"https:\/\/frame.mapy.cz\/s\/lapenapesa\" width=\"700\" height=\"466\" frameborder=\"0\"><\/iframe>\n\n\n\n<p><\/p>\n\n\n\n<p><\/p>\n","protected":false},"excerpt":{"rendered":"<p>Jak se k n\u00e1m dostanete: Na\u0161e bohoslu\u017eby m\u016f\u017eete nav\u0161t\u00edvit&nbsp;v kostele&nbsp;\u010ceskobratrsk\u00e9 c\u00edrkve evangelick\u00e9&nbsp;na Ji\u017en\u00edm m\u011bst\u011b v ulici Donovalsk\u00e1 53. Kostel se nach\u00e1z\u00ed p\u0159\u00edmo vedle Chodovsk\u00e9 vodn\u00ed tvrze. Ze stanice metra C Opatov autobusem linky 136 nebo 213 sm\u011brem do Vr\u0161ovic vystupte druhou zast\u00e1vku Chodovsk\u00e1 tvrz a po vystoupen\u00ed popojd\u011bte vpravo na konec podchodu a n\u00e1sledn\u011b vlevo &hellip; <a href=\"https:\/\/chodov.casd.cz\/?page_id=95\" class=\"more-link\">Pokra\u010dov\u00e1n\u00ed textu <span class=\"screen-reader-text\">KONTAKTN\u00cd INFORMACE<\/span><\/a><\/p>\n","protected":false},"author":1,"featured_media":0,"parent":0,"menu_order":0,"comment_status":"closed","ping_status":"closed","template":"","meta":{"footnotes":""},"class_list":["post-95","page","type-page","status-publish","hentry"],"_links":{"self":[{"href":"https:\/\/chodov.casd.cz\/index.php?rest_route=\/wp\/v2\/pages\/95","targetHints":{"allow":["GET"]}}],"collection":[{"href":"https:\/\/chodov.casd.cz\/index.php?rest_route=\/wp\/v2\/pages"}],"about":[{"href":"https:\/\/chodov.casd.cz\/index.php?rest_route=\/wp\/v2\/types\/page"}],"author":[{"embeddable":true,"href":"https:\/\/chodov.casd.cz\/index.php?rest_route=\/wp\/v2\/users\/1"}],"replies":[{"embeddable":true,"href":"https:\/\/chodov.casd.cz\/index.php?rest_route=%2Fwp%2Fv2%2Fcomments&post=95"}],"version-history":[{"count":13,"href":"https:\/\/chodov.casd.cz\/index.php?rest_route=\/wp\/v2\/pages\/95\/revisions"}],"predecessor-version":[{"id":1007,"href":"https:\/\/chodov.casd.cz\/index.php?rest_route=\/wp\/v2\/pages\/95\/revisions\/1007"}],"wp:attachment":[{"href":"https:\/\/chodov.casd.cz\/index.php?rest_route=%2Fwp%2Fv2%2Fmedia&parent=95"}],"curies":[{"name":"wp","href":"https:\/\/api.w.org\/{rel}","templated":true}]}}