{"id":72,"date":"2020-05-24T21:03:04","date_gmt":"2020-05-24T21:03:04","guid":{"rendered":"https:\/\/chodov.casd.cz\/?page_id=72"},"modified":"2025-10-06T21:23:57","modified_gmt":"2025-10-06T21:23:57","slug":"nas-sbor","status":"publish","type":"page","link":"https:\/\/chodov.casd.cz\/?page_id=72","title":{"rendered":"N\u00c1\u0160 SBOR"},"content":{"rendered":"\n<p><strong>Historie a sou\u010dasnost:<\/strong><br><\/p>\n\n\n\n<p><strong>Biblick\u00e9 kurzy<em><br><\/em><\/strong><br>Po&nbsp;&#8222;sametov\u00e9 revoluci&#8220;&nbsp;se v roce 1989 otev\u0159ela mo\u017enost ve\u0159ejn\u00e9ho zv\u011bstov\u00e1n\u00ed evangelia. Br. Josef Hrdinka, kter\u00fd byl tehdy kazatelem sboru Praha Sm\u00edchov, se rozhodl po\u0159\u00e1dat ve\u0159ejn\u00fd biblick\u00fd kurz pro z\u00e1jemce z okol\u00ed sboru Praha Vinohrady.&nbsp;P\u0159i modlitb\u00e1ch a uva\u017eov\u00e1n\u00ed o tomto \u00famyslu s br. Drobn\u00fdm dosp\u011bli spole\u010dn\u011b k z\u00e1v\u011bru, \u017ee by bylo \u00fa\u010deln\u00e9 spojit se s dal\u0161\u00edmi bratry a sestrami a uskute\u010dnit kurzy po cel\u00e9 Praze. Na\u0161lo se dost ochotn\u00fdch a nad\u0161en\u00fdch spoluv\u011b\u0159\u00edc\u00edch ke spolupr\u00e1ci. Byly zhotoveny pozv\u00e1nky k rozn\u00e1\u0161en\u00ed po domech a plak\u00e1ty k vylepov\u00e1n\u00ed na ve\u0159ejn\u00fdch m\u00edstech.<em>&nbsp;(viz obr\u00e1zek, na kter\u00e9m je pozv\u00e1nka, kter\u00e1 byla zve\u0159ejn\u011bna ve vyd\u00e1n\u00ed Ve\u010dern\u00ed Prahy 19. ledna 1990).&nbsp;<\/em><\/p>\n\n\n\n<p class=\"has-drop-cap\"><img loading=\"lazy\" decoding=\"async\" width=\"150\" height=\"166\" class=\"wp-image-76\" style=\"width: 150px;\" src=\"https:\/\/chodov.casd.cz\/wp-content\/uploads\/2020\/05\/clanek.gif\" alt=\"\"><\/p>\n\n\n\n<p>Odezva byla velk\u00e1. Ke studiu Bible se p\u0159ihl\u00e1silo velk\u00e9 mno\u017estv\u00ed lid\u00ed a tak bylo organizov\u00e1no 12 m\u00edst pro pokro\u010dil\u00e9 a 14 m\u00edst pro za\u010d\u00e1te\u010dn\u00edky po cel\u00e9 Praze.Kurzy za\u010daly hned od \u00fanora 1990. U\u010diteli byli nejen kazatel\u00e9, ale i \u010dlenov\u00e9 c\u00edrkve. Pom\u016fckou pro vyu\u010dov\u00e1n\u00ed byly bro\u017eurky, kter\u00e9 pr\u016fb\u011b\u017en\u011b p\u0159ipravoval a rozmno\u017eoval br. Hrdinka. Kurzy se konaly na r\u016fzn\u00fdch m\u00edstech, ale p\u0159ev\u00e1\u017en\u011b v tehdy dostupn\u00fdch agita\u010dn\u00edch st\u0159edisc\u00edch. Jedn\u00edm takov\u00fdm m\u00edstem bylo i agita\u010dn\u00ed st\u0159edisko v Praze 4, Rabasova ul. \u010d. 1\/1081. Zde se p\u0159ihl\u00e1silo ke studiu Bible 81 lid\u00ed. M\u00edstnost byla sv\u011btl\u00e1, vyt\u00e1p\u011bn\u00e1 a dob\u0159e slou\u017eila pro n\u00e1\u0161 \u00fa\u010del.<\/p>\n\n\n\n<p><strong>Po\u010d\u00e1tky sboru<\/strong><br>Snad proto zde rychle vznikla my\u0161lenka zalo\u017eit zde i mal\u00fd sbore\u010dek, kde by se konaly pravideln\u00e9 sobotn\u00ed pobo\u017enosti a kam by byli pozv\u00e1ni i p\u0159\u00e1tel\u00e9 z biblick\u00e9ho kurzu. Jeliko\u017e n\u011bkolik brat\u0159\u00ed a sester ze sboru Praha Vinohrady a Stra\u0161nice bylo ochotno se st\u00e1t \u010dleny nov\u00e9ho sbore\u010dku, byla v\u011bc projedn\u00e1na s tehdej\u0161\u00edm p\u0159edsedou \u010desk\u00e9ho sdru\u017een\u00ed CASD br. Kysilkou. Z\u00e1m\u011br se stal skute\u010dnost\u00ed a v dubnu 1990 byl za p\u0159\u00edtomnost\u00ed p\u0159edsedy sdru\u017een\u00ed sbor zalo\u017een. Prvn\u00edm kazatelem byl ur\u010den veden\u00edm sdru\u017een\u00ed br. Josef Hrdinka a sborovou volbou star\u0161\u00edm sboru br. Radom\u00edr Drobn\u00fd.<br>Ale ji\u017e v roce 1990 za\u010d\u00ednala b\u00fdt ru\u0161ena agita\u010dn\u00ed st\u0159ediska a d\u00e1v\u00e1na k dispozici pro jin\u00e9 \u00fa\u010dely. Tak do\u0161lo i na n\u00e1s. dostali jsme v\u00fdpov\u011b\u010f a urychlen\u011b jsme byli nuceni hledat jin\u00e9 m\u00edsto ke shroma\u017e\u010fov\u00e1n\u00ed a pro pokra\u010dov\u00e1n\u00ed v biblick\u00e9m kurzu. Dal\u0161\u00edm m\u00edstem bylo agita\u010dn\u00ed st\u0159edisko v Praze 4, Hv\u011bzdoslavov\u011b ulici. Vydr\u017eeli jsme tam v\u0161ak pouze \u010dtvrt roku a opakovala se stejn\u00e1 situace. T\u0159et\u00edm m\u00edstem bylo op\u011bt agita\u010dn\u00ed st\u0159edisko v Praze 4, T\u0159ebo\u0148sk\u00e9 ulici na Ka\u010derov\u011b. Zde byla nad\u011bje na del\u0161\u00ed dobu, ale byla to m\u00edstnost nevyhovuj\u00edc\u00ed a hlavn\u011b zde byla zima. S obt\u00ed\u017eemi jsme tam p\u0159e\u010dkali jednu zimu a hned na ja\u0159e jsme za\u010dali hledat jin\u00e9 m\u00edsto. Nakonec n\u00e1s p\u0159ijala a pronajala n\u00e1m svou modlitebnu na soboty C\u00edrkev \u010deskobratrsk\u00e1 evangelick\u00e1 v Praze 4, \u017dilinsk\u00e9 ulici 4. Zde se n\u00e1\u0161 sbor k sobotn\u00edm pobo\u017enostem sch\u00e1zel a\u017e do poloviny roku 2003, nebo\u0165 n\u00e1m skon\u010dila po t\u00e9m\u011b\u0159 dvan\u00e1cti letech smlouva o pron\u00e1jmu st\u00e1vaj\u00edc\u00edch prostor.Od \u010dervence t\u00e9ho\u017e roku jsme se sch\u00e1zeli v prostor\u00e1ch pronajat\u00fdch od c\u00edrkve \u010ceskoslovensk\u00e9 husitsk\u00e9, kter\u00e1 m\u00e1 sv\u016fj sbor um\u00edst\u011bn tak\u00e9 na Spo\u0159ilov\u011b v z\u00e1stavb\u011b rodinn\u00fdch domk\u016f. Byl \u00fatuln\u00fd, ale trochu men\u0161\u00ed ne\u017e ten v \u017dilinsk\u00e9 ulici, a tud\u00ed\u017e na\u0161im podm\u00ednk\u00e1m v n\u011bkter\u00fdch p\u0159\u00edpadech nevyhovoval.V prosinci 2003 jsme se tud\u00ed\u017e vr\u00e1tili do modlitebny v \u017dilinsk\u00e9 ulici, kterou ji\u017e m\u011bly nov\u011b v pron\u00e1jmu K\u0159es\u0165ansk\u00e9 sbory. Jeliko\u017e se v na\u0161em spole\u010denstv\u00ed narodilo v n\u00e1sleduj\u00edc\u00edch \u010dty\u0159ech letech n\u011bkolik d\u011bt\u00ed, bylo pot\u0159eba odd\u011blit maminky s d\u011btmi, aby se nenaru\u0161ovala bohoslu\u017eba, do takto upraven\u00e9 m\u00edstnosti. Takov\u00e9to mo\u017enosti se v kostele na Spo\u0159ilov\u011b nedost\u00e1valo, proto od 9.\u00fanora 2008 se setk\u00e1v\u00e1me v\u00a0<a href=\"http:\/\/sporilov.evangnet.cz\/index.php\" target=\"_blank\" rel=\"noreferrer noopener\">kostele C\u00edrkve \u010deskobratrsk\u00e9 evangelick\u00e9<\/a>\u00a0na Chodov\u011b. Je to ten sbor, kter\u00fd vlastnil o p\u011bt let d\u0159\u00edve modlitebnu na Spo\u0159ilov\u011b a nyn\u00ed si na vlastn\u00ed n\u00e1klady vystavil novou na Ji\u017en\u00edm m\u011bst\u011b. S nov\u00fdm m\u00edstem tak\u00e9 doch\u00e1z\u00ed od l\u00e9ta 2009 ke zm\u011bn\u011b n\u00e1zvu na sbor Praha &#8211; Chodov. V roce 2010 si p\u0159ipomn\u011bl sbor dvac\u00e1t\u00e9 v\u00fdro\u010d\u00ed zalo\u017een\u00ed sboru a v roce 2023 se uskute\u010dnilo 33. v\u00fdro\u010d\u00ed zalo\u017een\u00ed. P\u0159i t\u00e9to p\u0159\u00edle\u017eitosti se konala slavnostn\u00ed bohoslu\u017eba, kde se prom\u00edtaly star\u00e9 fotky a vzpom\u00ednalo se.<br>V sou\u010dasn\u00e9 dob\u011b je staronov\u00fdm kazatelem na\u0161eho sboru Josef Hrdinka, star\u0161\u00edm sboru Radek Vesel\u00fd, tajemn\u00edkem Ji\u0159\u00ed Klempera ml. nebo t\u0159eba vedouc\u00edm pro sobotn\u00ed \u0161kolu Mirek Sedl\u00e1k.<\/p>\n","protected":false},"excerpt":{"rendered":"<p>Historie a sou\u010dasnost: Biblick\u00e9 kurzyPo&nbsp;&#8222;sametov\u00e9 revoluci&#8220;&nbsp;se v roce 1989 otev\u0159ela mo\u017enost ve\u0159ejn\u00e9ho zv\u011bstov\u00e1n\u00ed evangelia. Br. Josef Hrdinka, kter\u00fd byl tehdy kazatelem sboru Praha Sm\u00edchov, se rozhodl po\u0159\u00e1dat ve\u0159ejn\u00fd biblick\u00fd kurz pro z\u00e1jemce z okol\u00ed sboru Praha Vinohrady.&nbsp;P\u0159i modlitb\u00e1ch a uva\u017eov\u00e1n\u00ed o tomto \u00famyslu s br. Drobn\u00fdm dosp\u011bli spole\u010dn\u011b k z\u00e1v\u011bru, \u017ee by bylo \u00fa\u010deln\u00e9 spojit &hellip; <a href=\"https:\/\/chodov.casd.cz\/?page_id=72\" class=\"more-link\">Pokra\u010dov\u00e1n\u00ed textu <span class=\"screen-reader-text\">N\u00c1\u0160 SBOR<\/span><\/a><\/p>\n","protected":false},"author":1,"featured_media":0,"parent":0,"menu_order":0,"comment_status":"closed","ping_status":"closed","template":"","meta":{"footnotes":""},"class_list":["post-72","page","type-page","status-publish","hentry"],"_links":{"self":[{"href":"https:\/\/chodov.casd.cz\/index.php?rest_route=\/wp\/v2\/pages\/72","targetHints":{"allow":["GET"]}}],"collection":[{"href":"https:\/\/chodov.casd.cz\/index.php?rest_route=\/wp\/v2\/pages"}],"about":[{"href":"https:\/\/chodov.casd.cz\/index.php?rest_route=\/wp\/v2\/types\/page"}],"author":[{"embeddable":true,"href":"https:\/\/chodov.casd.cz\/index.php?rest_route=\/wp\/v2\/users\/1"}],"replies":[{"embeddable":true,"href":"https:\/\/chodov.casd.cz\/index.php?rest_route=%2Fwp%2Fv2%2Fcomments&post=72"}],"version-history":[{"count":7,"href":"https:\/\/chodov.casd.cz\/index.php?rest_route=\/wp\/v2\/pages\/72\/revisions"}],"predecessor-version":[{"id":1013,"href":"https:\/\/chodov.casd.cz\/index.php?rest_route=\/wp\/v2\/pages\/72\/revisions\/1013"}],"wp:attachment":[{"href":"https:\/\/chodov.casd.cz\/index.php?rest_route=%2Fwp%2Fv2%2Fmedia&parent=72"}],"curies":[{"name":"wp","href":"https:\/\/api.w.org\/{rel}","templated":true}]}}